{"id":637,"date":"2025-06-19T08:16:16","date_gmt":"2025-06-19T07:16:16","guid":{"rendered":"https:\/\/restaurantbasilico.com\/politica-de-privadesa\/"},"modified":"2025-08-06T10:33:40","modified_gmt":"2025-08-06T09:33:40","slug":"politica-de-privadesa","status":"publish","type":"page","link":"https:\/\/restaurantbasilico.com\/ca\/politica-de-privadesa\/","title":{"rendered":"Pol\u00edtica de privadesa"},"content":{"rendered":"<p>[et_pb_section fb_built=&#8221;1&#8243; _builder_version=&#8221;4.27.4&#8243; _module_preset=&#8221;default&#8221; custom_padding=&#8221;0px||0px||true|false&#8221; border_width_top=&#8221;1px&#8221; border_color_top=&#8221;#E02B20&#8243; global_colors_info=&#8221;{}&#8221;][et_pb_row column_structure=&#8221;2_3,1_3&#8243; make_equal=&#8221;on&#8221; _builder_version=&#8221;4.27.4&#8243; _module_preset=&#8221;default&#8221; width=&#8221;97%&#8221; width_tablet=&#8221;100%&#8221; width_phone=&#8221;100%&#8221; width_last_edited=&#8221;on|tablet&#8221; max_width=&#8221;100%&#8221; module_alignment=&#8221;right&#8221; custom_padding=&#8221;0px||0px||true|false&#8221; border_width_bottom=&#8221;1px&#8221; border_color_bottom=&#8221;#E02B20&#8243; global_colors_info=&#8221;{}&#8221; custom_css_main_element_last_edited=&#8221;on|tablet&#8221; custom_css_main_element_tablet=&#8221;display: flex;||flex-direction: column-reverse;&#8221; custom_css_main_element_phone=&#8221;display: flex;||flex-direction: column-reverse;&#8221;][et_pb_column type=&#8221;2_3&#8243; _builder_version=&#8221;4.27.4&#8243; _module_preset=&#8221;default&#8221; custom_padding=&#8221;5%||2%||false|false&#8221; custom_padding_tablet=&#8221;5%|3%|0%|3%|false|true&#8221; custom_padding_phone=&#8221;5%|3%|0%|3%|false|true&#8221; custom_padding_last_edited=&#8221;on|tablet&#8221; custom_css_main_element=&#8221;display: flex;||flex-direction: column;||&#8221; global_colors_info=&#8221;{}&#8221;][et_pb_text _builder_version=&#8221;4.27.4&#8243; _module_preset=&#8221;default&#8221; text_text_color=&#8221;#E02B20&#8243; text_font_size=&#8221;20px&#8221; header_font=&#8221;|800||on|||||&#8221; header_text_color=&#8221;#E02B20&#8243; header_font_size=&#8221;90px&#8221; header_2_font=&#8221;|600|||||||&#8221; header_2_text_color=&#8221;#E02B20&#8243; header_2_font_size=&#8221;48px&#8221; header_font_size_tablet=&#8221;40px&#8221; header_font_size_phone=&#8221;40px&#8221; header_font_size_last_edited=&#8221;on|tablet&#8221; header_2_font_size_tablet=&#8221;26px&#8221; header_2_font_size_phone=&#8221;26px&#8221; header_2_font_size_last_edited=&#8221;on|tablet&#8221; custom_css_main_element=&#8221;font-weight: 400;&#8221; global_colors_info=&#8221;{}&#8221;]<\/p>\n<h1>Pol\u00edtica de<br \/>\n<span style=\"color: #9e0713;\">Privadesa<\/span><\/h1>\n<p>[\/et_pb_text][\/et_pb_column][et_pb_column type=&#8221;1_3&#8243; _builder_version=&#8221;4.27.4&#8243; _module_preset=&#8221;default&#8221; global_colors_info=&#8221;{}&#8221;][et_pb_image src=&#8221;https:\/\/restaurantbasilico.com\/wp-content\/uploads\/Espai-46-scaled.jpg&#8221; title_text=&#8221;Espai (46)&#8221; align=&#8221;center&#8221; align_tablet=&#8221;center&#8221; align_phone=&#8221;center&#8221; align_last_edited=&#8221;on|phone&#8221; _builder_version=&#8221;4.27.4&#8243; _module_preset=&#8221;default&#8221; width=&#8221;55%&#8221; width_tablet=&#8221;55%&#8221; width_phone=&#8221;100%&#8221; width_last_edited=&#8221;on|phone&#8221; module_alignment=&#8221;right&#8221; hover_enabled=&#8221;0&#8243; module_alignment_tablet=&#8221;center&#8221; module_alignment_phone=&#8221;center&#8221; module_alignment_last_edited=&#8221;on|phone&#8221; locked=&#8221;off&#8221; global_colors_info=&#8221;{}&#8221; sticky_enabled=&#8221;0&#8243;][\/et_pb_image][\/et_pb_column][\/et_pb_row][\/et_pb_section][et_pb_section fb_built=&#8221;1&#8243; disabled_on=&#8221;on|on|off&#8221; _builder_version=&#8221;4.27.4&#8243; _module_preset=&#8221;default&#8221; background_image=&#8221;https:\/\/restaurantbasilico.com\/wp-content\/uploads\/lineas-rojas-verticales.svg&#8221; min_height=&#8221;90px&#8221; custom_padding=&#8221;0px||0px||true|false&#8221; locked=&#8221;off&#8221; global_colors_info=&#8221;{}&#8221;][et_pb_row _builder_version=&#8221;4.27.4&#8243; _module_preset=&#8221;default&#8221; width=&#8221;100%&#8221; max_width=&#8221;100%&#8221; custom_padding=&#8221;0px||0px||true|false&#8221; global_colors_info=&#8221;{}&#8221;][et_pb_column type=&#8221;4_4&#8243; _builder_version=&#8221;4.27.4&#8243; _module_preset=&#8221;default&#8221; global_colors_info=&#8221;{}&#8221;][\/et_pb_column][\/et_pb_row][\/et_pb_section][et_pb_section fb_built=&#8221;1&#8243; custom_padding_last_edited=&#8221;on|tablet&#8221; _builder_version=&#8221;4.27.4&#8243; _module_preset=&#8221;default&#8221; background_enable_color=&#8221;off&#8221; background_image=&#8221;https:\/\/restaurantbasilico.com\/wp-content\/uploads\/Rectangle-21.png&#8221; custom_padding_tablet=&#8221;5vh||5vh||true|false&#8221; custom_padding_phone=&#8221;5vh||5vh||true|false&#8221; global_colors_info=&#8221;{}&#8221;][et_pb_row make_equal=&#8221;on&#8221; _builder_version=&#8221;4.27.4&#8243; _module_preset=&#8221;default&#8221; background_color=&#8221;RGBA(255,255,255,0)&#8221; width=&#8221;94%&#8221; max_width=&#8221;100%&#8221; custom_css_main_element=&#8221;display: flex;||align-items: center;&#8221; locked=&#8221;off&#8221; global_colors_info=&#8221;{}&#8221; custom_css_main_element_tablet=&#8221;display: block;&#8221; custom_css_main_element_phone=&#8221;display: block;&#8221; custom_css_main_element_last_edited=&#8221;on|tablet&#8221;][et_pb_column type=&#8221;4_4&#8243; _builder_version=&#8221;4.27.4&#8243; _module_preset=&#8221;default&#8221; global_colors_info=&#8221;{}&#8221;][et_pb_text _builder_version=&#8221;4.27.4&#8243; _module_preset=&#8221;default&#8221; text_text_color=&#8221;#E02B20&#8243; text_font_size=&#8221;20px&#8221; header_font=&#8221;|800||on|||||&#8221; header_text_color=&#8221;#E02B20&#8243; header_font_size=&#8221;90px&#8221; header_2_font=&#8221;|600|||||||&#8221; header_2_text_color=&#8221;#E02B20&#8243; header_2_font_size=&#8221;48px&#8221; text_font_size_tablet=&#8221;16px&#8221; text_font_size_phone=&#8221;16px&#8221; text_font_size_last_edited=&#8221;on|tablet&#8221; custom_css_main_element=&#8221;font-weight: 400;&#8221; locked=&#8221;off&#8221; global_colors_info=&#8221;{}&#8221;]En compliment del Reglament (UE) 2016\/679 del Parlament Europeu i del Consell de 27 d&#8217;abril de 2016, relatiu a la protecci\u00f3 de les persones f\u00edsiques pel que fa al tractament de dades personals ia la lliure circulaci\u00f3 d&#8217;aquestes dades (RGPD), us informem sobre com tractem i protegim les vostres dades personals a trav\u00e9s d&#8217;aquest lloc web.[\/et_pb_text][et_pb_text _builder_version=&#8221;4.27.4&#8243; _module_preset=&#8221;default&#8221; header_font=&#8221;|800||on|||||&#8221; header_text_color=&#8221;#E02B20&#8243; header_font_size=&#8221;90px&#8221; header_2_font=&#8221;|600|||||||&#8221; header_2_text_color=&#8221;#E02B20&#8243; header_2_font_size=&#8221;48px&#8221; max_width=&#8221;90%&#8221; custom_margin=&#8221;||1vh||false|false&#8221; header_2_font_size_tablet=&#8221;26px&#8221; header_2_font_size_phone=&#8221;26px&#8221; header_2_font_size_last_edited=&#8221;on|tablet&#8221; custom_css_main_element=&#8221;font-weight: 400;&#8221; locked=&#8221;off&#8221; global_colors_info=&#8221;{}&#8221;]<\/p>\n<h2>1. Responsable del tractament<\/h2>\n<p>[\/et_pb_text][et_pb_text _builder_version=&#8221;4.27.4&#8243; _module_preset=&#8221;default&#8221; text_text_color=&#8221;#E02B20&#8243; text_font_size=&#8221;20px&#8221; header_font=&#8221;|800||on|||||&#8221; header_text_color=&#8221;#E02B20&#8243; header_font_size=&#8221;90px&#8221; header_2_font=&#8221;|600|||||||&#8221; header_2_text_color=&#8221;#E02B20&#8243; header_2_font_size=&#8221;48px&#8221; text_font_size_tablet=&#8221;16px&#8221; text_font_size_phone=&#8221;16px&#8221; text_font_size_last_edited=&#8221;on|tablet&#8221; custom_css_main_element=&#8221;font-weight: 400;&#8221; locked=&#8221;off&#8221; global_colors_info=&#8221;{}&#8221;]<\/p>\n<p><b>Empresa organitzadora i titular del lloc web<\/b><b><br \/><\/b> <b>COSTA BRAVA BUSINESS SL<\/b><b><br \/><\/b><span style=\"font-weight: 400;\"> CIF: B72979354<\/span><span style=\"font-weight: 400;\"><br \/><\/span><span style=\"font-weight: 400;\"> Domicilio: C\/ Sant Mori, 9, 17487 Empuriabrava (Girona)<\/span><span style=\"font-weight: 400;\"><br \/><\/span><span style=\"font-weight: 400;\"> Titular del restaurant Basilico: Avinguda de s\u2019Agar\u00f3, 79 \u2013 Platja d\u2019Aro (Girona)<\/span><span style=\"font-weight: 400;\"><br \/><\/span><span style=\"font-weight: 400;\"> Correu electr\u00f2nic de contacte: info@restaurantbasilico.com<\/span><\/p>\n<p>[\/et_pb_text][et_pb_text _builder_version=&#8221;4.27.4&#8243; _module_preset=&#8221;default&#8221; header_font=&#8221;|800||on|||||&#8221; header_text_color=&#8221;#E02B20&#8243; header_font_size=&#8221;90px&#8221; header_2_font=&#8221;|600|||||||&#8221; header_2_text_color=&#8221;#E02B20&#8243; header_2_font_size=&#8221;48px&#8221; max_width=&#8221;90%&#8221; custom_margin=&#8221;||1vh||false|false&#8221; header_2_font_size_tablet=&#8221;26px&#8221; header_2_font_size_phone=&#8221;26px&#8221; header_2_font_size_last_edited=&#8221;on|tablet&#8221; custom_css_main_element=&#8221;font-weight: 400;&#8221; locked=&#8221;off&#8221; global_colors_info=&#8221;{}&#8221;]<\/p>\n<h2>2. Finalitats del tractament<\/h2>\n<p>[\/et_pb_text][et_pb_text _builder_version=&#8221;4.27.4&#8243; _module_preset=&#8221;default&#8221; text_text_color=&#8221;#E02B20&#8243; text_font_size=&#8221;20px&#8221; header_font=&#8221;|800||on|||||&#8221; header_text_color=&#8221;#E02B20&#8243; header_font_size=&#8221;90px&#8221; header_2_font=&#8221;|600|||||||&#8221; header_2_text_color=&#8221;#E02B20&#8243; header_2_font_size=&#8221;48px&#8221; text_font_size_tablet=&#8221;16px&#8221; text_font_size_phone=&#8221;16px&#8221; text_font_size_last_edited=&#8221;on|tablet&#8221; custom_css_main_element=&#8221;font-weight: 400;&#8221; locked=&#8221;off&#8221; global_colors_info=&#8221;{}&#8221;]<\/p>\n<p><span style=\"font-weight: 400;\">Les dades personals facilitades a trav\u00e9s del lloc web podran ser utilitzades per a les seg\u00fcents finalitats:<\/span><\/p>\n<ul>\n<li style=\"font-weight: 400;\" aria-level=\"1\"><span style=\"font-weight: 400;\">Gestionar reserves i sol\u00b7licituds de informaci\u00f3 del restaurant.<\/span><span style=\"font-weight: 400;\">\n<p><\/span><\/li>\n<li style=\"font-weight: 400;\" aria-level=\"1\"><span style=\"font-weight: 400;\">Atendre consultes o peticions que ens faci.<\/span><span style=\"font-weight: 400;\">\n<p><\/span><\/li>\n<li style=\"font-weight: 400;\" aria-level=\"1\"><span style=\"font-weight: 400;\">Enviar comunicacions comercials sobre ofertes, promocions i novetats de Basilico (sempre que vost\u00e8 ho hagi autoritzat expressament).<\/span><span style=\"font-weight: 400;\">\n<p><\/span><\/li>\n<li style=\"font-weight: 400;\" aria-level=\"1\"><span style=\"font-weight: 400;\">Gestionar participacions en sorteigs o concursos organitzats pel restaurant.<\/span><span style=\"font-weight: 400;\">\n<p><\/span><\/li>\n<li style=\"font-weight: 400;\" aria-level=\"1\"><span style=\"font-weight: 400;\">Analitzar el comportament de navegaci\u00f3 per millorar l&#8217;experi\u00e8ncia d&#8217;usuari al lloc web.<\/span><\/li>\n<\/ul>\n<p>[\/et_pb_text][et_pb_text _builder_version=&#8221;4.27.4&#8243; _module_preset=&#8221;default&#8221; header_font=&#8221;|800||on|||||&#8221; header_text_color=&#8221;#E02B20&#8243; header_font_size=&#8221;90px&#8221; header_2_font=&#8221;|600|||||||&#8221; header_2_text_color=&#8221;#E02B20&#8243; header_2_font_size=&#8221;48px&#8221; max_width=&#8221;90%&#8221; custom_margin=&#8221;||1vh||false|false&#8221; header_2_font_size_tablet=&#8221;26px&#8221; header_2_font_size_phone=&#8221;26px&#8221; header_2_font_size_last_edited=&#8221;on|tablet&#8221; custom_css_main_element=&#8221;font-weight: 400;&#8221; locked=&#8221;off&#8221; global_colors_info=&#8221;{}&#8221;]<\/p>\n<h2>3. Conservaci\u00f3 de les dades<\/h2>\n<p>[\/et_pb_text][et_pb_text _builder_version=&#8221;4.27.4&#8243; _module_preset=&#8221;default&#8221; text_text_color=&#8221;#E02B20&#8243; text_font_size=&#8221;20px&#8221; header_font=&#8221;|800||on|||||&#8221; header_text_color=&#8221;#E02B20&#8243; header_font_size=&#8221;90px&#8221; header_2_font=&#8221;|600|||||||&#8221; header_2_text_color=&#8221;#E02B20&#8243; header_2_font_size=&#8221;48px&#8221; text_font_size_tablet=&#8221;16px&#8221; text_font_size_phone=&#8221;16px&#8221; text_font_size_last_edited=&#8221;on|tablet&#8221; custom_css_main_element=&#8221;font-weight: 400;&#8221; locked=&#8221;off&#8221; global_colors_info=&#8221;{}&#8221;]Les seves dades es conservaran durant el temps necessari per complir amb la finalitat per a la qual van ser recollides i per atendre possibles responsabilitats legals. En el cas de les comunicacions comercials, les dades es conservaran fins que exerceixi el dret d&#8217;oposici\u00f3 o cancel\u00b7laci\u00f3.[\/et_pb_text][et_pb_text _builder_version=&#8221;4.27.4&#8243; _module_preset=&#8221;default&#8221; header_font=&#8221;|800||on|||||&#8221; header_text_color=&#8221;#E02B20&#8243; header_font_size=&#8221;90px&#8221; header_2_font=&#8221;|600|||||||&#8221; header_2_text_color=&#8221;#E02B20&#8243; header_2_font_size=&#8221;48px&#8221; max_width=&#8221;90%&#8221; custom_margin=&#8221;||1vh||false|false&#8221; header_2_font_size_tablet=&#8221;26px&#8221; header_2_font_size_phone=&#8221;26px&#8221; header_2_font_size_last_edited=&#8221;on|tablet&#8221; custom_css_main_element=&#8221;font-weight: 400;&#8221; locked=&#8221;off&#8221; global_colors_info=&#8221;{}&#8221;]<\/p>\n<h2>4. Legitimaci\u00f3<\/h2>\n<p>[\/et_pb_text][et_pb_text _builder_version=&#8221;4.27.4&#8243; _module_preset=&#8221;default&#8221; text_text_color=&#8221;#E02B20&#8243; text_font_size=&#8221;20px&#8221; header_font=&#8221;|800||on|||||&#8221; header_text_color=&#8221;#E02B20&#8243; header_font_size=&#8221;90px&#8221; header_2_font=&#8221;|600|||||||&#8221; header_2_text_color=&#8221;#E02B20&#8243; header_2_font_size=&#8221;48px&#8221; text_font_size_tablet=&#8221;16px&#8221; text_font_size_phone=&#8221;16px&#8221; text_font_size_last_edited=&#8221;on|tablet&#8221; custom_css_main_element=&#8221;font-weight: 400;&#8221; locked=&#8221;off&#8221; global_colors_info=&#8221;{}&#8221;]<\/p>\n<p><span style=\"font-weight: 400;\">La base legal per al tractament de les vostres dades \u00e9s el<\/span> <b>consentiment expr\u00e9s <\/b><span style=\"font-weight: 400;\">que ens proporciona en marcar les caselles corresponents o en utilitzar els nostres serveis.<\/span><\/p>\n<p>[\/et_pb_text][et_pb_text _builder_version=&#8221;4.27.4&#8243; _module_preset=&#8221;default&#8221; header_font=&#8221;|800||on|||||&#8221; header_text_color=&#8221;#E02B20&#8243; header_font_size=&#8221;90px&#8221; header_2_font=&#8221;|600|||||||&#8221; header_2_text_color=&#8221;#E02B20&#8243; header_2_font_size=&#8221;48px&#8221; max_width=&#8221;90%&#8221; custom_margin=&#8221;||1vh||false|false&#8221; header_2_font_size_tablet=&#8221;26px&#8221; header_2_font_size_phone=&#8221;26px&#8221; header_2_font_size_last_edited=&#8221;on|tablet&#8221; custom_css_main_element=&#8221;font-weight: 400;&#8221; locked=&#8221;off&#8221; global_colors_info=&#8221;{}&#8221;]<\/p>\n<h2>5. Comunicaci\u00f3 de dades<\/h2>\n<p>[\/et_pb_text][et_pb_text _builder_version=&#8221;4.27.4&#8243; _module_preset=&#8221;default&#8221; text_text_color=&#8221;#E02B20&#8243; text_font_size=&#8221;20px&#8221; header_font=&#8221;|800||on|||||&#8221; header_text_color=&#8221;#E02B20&#8243; header_font_size=&#8221;90px&#8221; header_2_font=&#8221;|600|||||||&#8221; header_2_text_color=&#8221;#E02B20&#8243; header_2_font_size=&#8221;48px&#8221; text_font_size_tablet=&#8221;16px&#8221; text_font_size_phone=&#8221;16px&#8221; text_font_size_last_edited=&#8221;on|tablet&#8221; custom_css_main_element=&#8221;font-weight: 400;&#8221; locked=&#8221;off&#8221; global_colors_info=&#8221;{}&#8221;]Les vostres dades no se cediran a tercers, excepte obligaci\u00f3 legal o quan sigui necessari per a la prestaci\u00f3 d&#8217;un servei espec\u00edfic (per exemple, serveis de gesti\u00f3 de correu electr\u00f2nic, allotjament web, etc.), sempre sota contractes de confidencialitat i tractament de dades d&#8217;acord amb la normativa.[\/et_pb_text][et_pb_text _builder_version=&#8221;4.27.4&#8243; _module_preset=&#8221;default&#8221; header_font=&#8221;|800||on|||||&#8221; header_text_color=&#8221;#E02B20&#8243; header_font_size=&#8221;90px&#8221; header_2_font=&#8221;|600|||||||&#8221; header_2_text_color=&#8221;#E02B20&#8243; header_2_font_size=&#8221;48px&#8221; max_width=&#8221;90%&#8221; custom_margin=&#8221;||1vh||false|false&#8221; header_2_font_size_tablet=&#8221;26px&#8221; header_2_font_size_phone=&#8221;26px&#8221; header_2_font_size_last_edited=&#8221;on|tablet&#8221; custom_css_main_element=&#8221;font-weight: 400;&#8221; locked=&#8221;off&#8221; global_colors_info=&#8221;{}&#8221;]<\/p>\n<h2>6. Drets de les persones usu\u00e0ries<\/h2>\n<p>[\/et_pb_text][et_pb_text _builder_version=&#8221;4.27.4&#8243; _module_preset=&#8221;default&#8221; text_text_color=&#8221;#E02B20&#8243; text_font_size=&#8221;20px&#8221; link_font=&#8221;||||on||||&#8221; link_text_color=&#8221;#E02B20&#8243; header_font=&#8221;|800||on|||||&#8221; header_text_color=&#8221;#E02B20&#8243; header_font_size=&#8221;90px&#8221; header_2_font=&#8221;|600|||||||&#8221; header_2_text_color=&#8221;#E02B20&#8243; header_2_font_size=&#8221;48px&#8221; text_font_size_tablet=&#8221;16px&#8221; text_font_size_phone=&#8221;16px&#8221; text_font_size_last_edited=&#8221;on|tablet&#8221; custom_css_main_element=&#8221;font-weight: 400;&#8221; locked=&#8221;off&#8221; global_colors_info=&#8221;{}&#8221;]<\/p>\n<p><span style=\"font-weight: 400;\">Vost\u00e8 t\u00e9 dret a:<\/span><\/p>\n<ul>\n<li style=\"font-weight: 400;\" aria-level=\"1\"><span style=\"font-weight: 400;\">Accedir a les vostres dades personals<\/span><span style=\"font-weight: 400;\"><\/span><\/li>\n<li style=\"font-weight: 400;\" aria-level=\"1\"><span style=\"font-weight: 400;\">Sol\u00b7licitar-ne la rectificaci\u00f3 o supressi\u00f3<\/span><span style=\"font-weight: 400;\"><\/span><\/li>\n<li style=\"font-weight: 400;\" aria-level=\"1\"><span style=\"font-weight: 400;\">Sol\u00b7licitar la limitaci\u00f3 del tractament<\/span><span style=\"font-weight: 400;\"><\/span><\/li>\n<li style=\"font-weight: 400;\" aria-level=\"1\"><span style=\"font-weight: 400;\">Oposar-se al tractament<\/span><span style=\"font-weight: 400;\"><\/span><\/li>\n<li style=\"font-weight: 400;\" aria-level=\"1\"><span style=\"font-weight: 400;\">Sol\u00b7licitar la portabilitat de les vostres dades<\/span><span style=\"font-weight: 400;\"><\/span><\/li>\n<\/ul>\n<p><span style=\"font-weight: 400;\">Podreu exercir aquests drets enviant un correu a<\/span> <b>info@restaurantbasilico.com<\/b><span style=\"font-weight: 400;\">, acreditant degudament la vostra identitat.<\/span><\/p>\n<p><span style=\"font-weight: 400;\">Aix\u00ed mateix, t\u00e9 dret a presentar una reclamaci\u00f3 davant de<\/span> <b>l&#8217;Ag\u00e8ncia Espanyola de Protecci\u00f3 de Dades (<\/b><a href=\"http:\/\/www.aepd.es%20target=\" _blank=\"\"><b>www.aepd.es<\/b><\/a><b>)<\/b> <span style=\"font-weight: 400;\">si considera que el tractament de les dades no s&#8217;ajusta a la legalitat.<\/span><\/p>\n<p>[\/et_pb_text][et_pb_text _builder_version=&#8221;4.27.4&#8243; _module_preset=&#8221;default&#8221; header_font=&#8221;|800||on|||||&#8221; header_text_color=&#8221;#E02B20&#8243; header_font_size=&#8221;90px&#8221; header_2_font=&#8221;|600|||||||&#8221; header_2_text_color=&#8221;#E02B20&#8243; header_2_font_size=&#8221;48px&#8221; max_width=&#8221;90%&#8221; custom_margin=&#8221;||1vh||false|false&#8221; header_2_font_size_tablet=&#8221;26px&#8221; header_2_font_size_phone=&#8221;26px&#8221; header_2_font_size_last_edited=&#8221;on|tablet&#8221; custom_css_main_element=&#8221;font-weight: 400;&#8221; locked=&#8221;off&#8221; global_colors_info=&#8221;{}&#8221;]<\/p>\n<h2>7. Mesures de seguretat<\/h2>\n<p>[\/et_pb_text][et_pb_text _builder_version=&#8221;4.27.4&#8243; _module_preset=&#8221;default&#8221; text_text_color=&#8221;#E02B20&#8243; text_font_size=&#8221;20px&#8221; link_font=&#8221;||||on||||&#8221; link_text_color=&#8221;#E02B20&#8243; header_font=&#8221;|800||on|||||&#8221; header_text_color=&#8221;#E02B20&#8243; header_font_size=&#8221;90px&#8221; header_2_font=&#8221;|600|||||||&#8221; header_2_text_color=&#8221;#E02B20&#8243; header_2_font_size=&#8221;48px&#8221; text_font_size_tablet=&#8221;16px&#8221; text_font_size_phone=&#8221;16px&#8221; text_font_size_last_edited=&#8221;on|tablet&#8221; custom_css_main_element=&#8221;font-weight: 400;&#8221; locked=&#8221;off&#8221; global_colors_info=&#8221;{}&#8221;]<\/p>\n<p><span style=\"font-weight: 400;\">Hem adoptat les mesures t\u00e8cniques i organitzatives necess\u00e0ries per garantir la seguretat i confidencialitat de les seves dades, evitant la seva alteraci\u00f3, p\u00e8rdua, tractament o acc\u00e9s no autoritzat.<\/span><\/p>\n<p>[\/et_pb_text][\/et_pb_column][\/et_pb_row][\/et_pb_section]<\/p>\n","protected":false},"excerpt":{"rendered":"<p>Pol\u00edtica de PrivadesaEn compliment del Reglament (UE) 2016\/679 del Parlament Europeu i del Consell de 27 d&#8217;abril de 2016, relatiu a la protecci\u00f3 de les persones f\u00edsiques pel que fa al tractament de dades personals ia la lliure circulaci\u00f3 d&#8217;aquestes dades (RGPD), us informem sobre com tractem i protegim les vostres dades personals a trav\u00e9s d&#8217;aquest lloc web.1. Responsable del tractamentEmpresa organitzadora i titular del lloc web COSTA BRAVA BUSINESS SL CIF: B72979354 Domicilio: C\/ Sant Mori, 9, 17487 Empuriabrava (Girona) Titular del restaurant Basilico: Avinguda de s\u2019Agar\u00f3, 79 \u2013 Platja d\u2019Aro (Girona) Correu electr\u00f2nic de contacte: info@restaurantbasilico.com2. Finalitats del tractamentLes dades personals facilitades a trav\u00e9s del lloc web podran ser utilitzades per a les seg\u00fcents finalitats: Gestionar reserves i sol\u00b7licituds de informaci\u00f3 del restaurant. Atendre consultes o peticions que ens faci. Enviar comunicacions comercials sobre ofertes, promocions i novetats de Basilico (sempre que vost\u00e8 ho hagi autoritzat expressament). Gestionar participacions en sorteigs o concursos organitzats pel restaurant. Analitzar el comportament de navegaci\u00f3 per millorar l&#8217;experi\u00e8ncia d&#8217;usuari al lloc web. 3. Conservaci\u00f3 de les dadesLes seves dades es conservaran durant el temps necessari per complir amb la finalitat per a la qual van ser recollides i per atendre possibles responsabilitats [&hellip;]<\/p>\n","protected":false},"author":1,"featured_media":0,"parent":0,"menu_order":100,"comment_status":"closed","ping_status":"closed","template":"","meta":{"_et_pb_use_builder":"on","_et_pb_old_content":"","_et_gb_content_width":"","footnotes":""},"class_list":["post-637","page","type-page","status-publish","hentry"],"_links":{"self":[{"href":"https:\/\/restaurantbasilico.com\/ca\/wp-json\/wp\/v2\/pages\/637","targetHints":{"allow":["GET"]}}],"collection":[{"href":"https:\/\/restaurantbasilico.com\/ca\/wp-json\/wp\/v2\/pages"}],"about":[{"href":"https:\/\/restaurantbasilico.com\/ca\/wp-json\/wp\/v2\/types\/page"}],"author":[{"embeddable":true,"href":"https:\/\/restaurantbasilico.com\/ca\/wp-json\/wp\/v2\/users\/1"}],"replies":[{"embeddable":true,"href":"https:\/\/restaurantbasilico.com\/ca\/wp-json\/wp\/v2\/comments?post=637"}],"version-history":[{"count":4,"href":"https:\/\/restaurantbasilico.com\/ca\/wp-json\/wp\/v2\/pages\/637\/revisions"}],"predecessor-version":[{"id":930,"href":"https:\/\/restaurantbasilico.com\/ca\/wp-json\/wp\/v2\/pages\/637\/revisions\/930"}],"wp:attachment":[{"href":"https:\/\/restaurantbasilico.com\/ca\/wp-json\/wp\/v2\/media?parent=637"}],"curies":[{"name":"wp","href":"https:\/\/api.w.org\/{rel}","templated":true}]}}