{"id":634,"date":"2025-06-19T08:15:51","date_gmt":"2025-06-19T07:15:51","guid":{"rendered":"https:\/\/restaurantbasilico.com\/politica-de-cookies\/"},"modified":"2025-08-06T10:35:20","modified_gmt":"2025-08-06T09:35:20","slug":"politica-de-cookies","status":"publish","type":"page","link":"https:\/\/restaurantbasilico.com\/ca\/politica-de-cookies\/","title":{"rendered":"Pol\u00edtica de cookies"},"content":{"rendered":"<p>[et_pb_section fb_built=&#8221;1&#8243; _builder_version=&#8221;4.27.4&#8243; _module_preset=&#8221;default&#8221; custom_padding=&#8221;0px||0px||true|false&#8221; border_width_top=&#8221;1px&#8221; border_color_top=&#8221;#E02B20&#8243; global_colors_info=&#8221;{}&#8221;][et_pb_row column_structure=&#8221;2_3,1_3&#8243; make_equal=&#8221;on&#8221; _builder_version=&#8221;4.27.4&#8243; _module_preset=&#8221;default&#8221; width=&#8221;97%&#8221; width_tablet=&#8221;100%&#8221; width_phone=&#8221;100%&#8221; width_last_edited=&#8221;on|tablet&#8221; max_width=&#8221;100%&#8221; module_alignment=&#8221;right&#8221; custom_padding=&#8221;0px||0px||true|false&#8221; border_width_bottom=&#8221;1px&#8221; border_color_bottom=&#8221;#E02B20&#8243; global_colors_info=&#8221;{}&#8221; custom_css_main_element_last_edited=&#8221;on|tablet&#8221; custom_css_main_element_tablet=&#8221;display: flex;||flex-direction: column-reverse;&#8221; custom_css_main_element_phone=&#8221;display: flex;||flex-direction: column-reverse;&#8221;][et_pb_column type=&#8221;2_3&#8243; _builder_version=&#8221;4.27.4&#8243; _module_preset=&#8221;default&#8221; custom_padding=&#8221;5%||2%||false|false&#8221; custom_padding_tablet=&#8221;5%|3%|0%|3%|false|true&#8221; custom_padding_phone=&#8221;5%|3%|0%|3%|false|true&#8221; custom_padding_last_edited=&#8221;on|tablet&#8221; custom_css_main_element=&#8221;display: flex;||flex-direction: column;||&#8221; global_colors_info=&#8221;{}&#8221;][et_pb_text _builder_version=&#8221;4.27.4&#8243; _module_preset=&#8221;default&#8221; text_text_color=&#8221;#E02B20&#8243; text_font_size=&#8221;20px&#8221; header_font=&#8221;|800||on|||||&#8221; header_text_color=&#8221;#E02B20&#8243; header_font_size=&#8221;90px&#8221; header_2_font=&#8221;|600|||||||&#8221; header_2_text_color=&#8221;#E02B20&#8243; header_2_font_size=&#8221;48px&#8221; header_font_size_tablet=&#8221;40px&#8221; header_font_size_phone=&#8221;40px&#8221; header_font_size_last_edited=&#8221;on|tablet&#8221; header_2_font_size_tablet=&#8221;26px&#8221; header_2_font_size_phone=&#8221;26px&#8221; header_2_font_size_last_edited=&#8221;on|tablet&#8221; custom_css_main_element=&#8221;font-weight: 400;&#8221; global_colors_info=&#8221;{}&#8221;]<\/p>\n<h1>Pol\u00edtica de<br \/>\n<span style=\"color: #9e0713;\">Cookies<\/span><\/h1>\n<p>[\/et_pb_text][\/et_pb_column][et_pb_column type=&#8221;1_3&#8243; _builder_version=&#8221;4.27.4&#8243; _module_preset=&#8221;default&#8221; global_colors_info=&#8221;{}&#8221;][et_pb_image src=&#8221;https:\/\/restaurantbasilico.com\/wp-content\/uploads\/Espai-46-scaled.jpg&#8221; title_text=&#8221;Espai (46)&#8221; align=&#8221;center&#8221; align_tablet=&#8221;center&#8221; align_phone=&#8221;center&#8221; align_last_edited=&#8221;on|phone&#8221; _builder_version=&#8221;4.27.4&#8243; _module_preset=&#8221;default&#8221; width=&#8221;55%&#8221; width_tablet=&#8221;55%&#8221; width_phone=&#8221;100%&#8221; width_last_edited=&#8221;on|phone&#8221; module_alignment=&#8221;right&#8221; hover_enabled=&#8221;0&#8243; module_alignment_tablet=&#8221;center&#8221; module_alignment_phone=&#8221;center&#8221; module_alignment_last_edited=&#8221;on|phone&#8221; locked=&#8221;off&#8221; global_colors_info=&#8221;{}&#8221; sticky_enabled=&#8221;0&#8243;][\/et_pb_image][\/et_pb_column][\/et_pb_row][\/et_pb_section][et_pb_section fb_built=&#8221;1&#8243; disabled_on=&#8221;on|on|off&#8221; _builder_version=&#8221;4.27.4&#8243; _module_preset=&#8221;default&#8221; background_image=&#8221;https:\/\/restaurantbasilico.com\/wp-content\/uploads\/lineas-rojas-verticales.svg&#8221; min_height=&#8221;90px&#8221; custom_padding=&#8221;0px||0px||true|false&#8221; locked=&#8221;off&#8221; global_colors_info=&#8221;{}&#8221;][et_pb_row _builder_version=&#8221;4.27.4&#8243; _module_preset=&#8221;default&#8221; width=&#8221;100%&#8221; max_width=&#8221;100%&#8221; custom_padding=&#8221;0px||0px||true|false&#8221; global_colors_info=&#8221;{}&#8221;][et_pb_column type=&#8221;4_4&#8243; _builder_version=&#8221;4.27.4&#8243; _module_preset=&#8221;default&#8221; global_colors_info=&#8221;{}&#8221;][\/et_pb_column][\/et_pb_row][\/et_pb_section][et_pb_section fb_built=&#8221;1&#8243; custom_padding_last_edited=&#8221;on|tablet&#8221; _builder_version=&#8221;4.27.4&#8243; _module_preset=&#8221;default&#8221; background_enable_color=&#8221;off&#8221; background_image=&#8221;https:\/\/restaurantbasilico.com\/wp-content\/uploads\/Rectangle-21.png&#8221; custom_padding_tablet=&#8221;5vh||5vh||true|false&#8221; custom_padding_phone=&#8221;5vh||5vh||true|false&#8221; global_colors_info=&#8221;{}&#8221;][et_pb_row make_equal=&#8221;on&#8221; _builder_version=&#8221;4.27.4&#8243; _module_preset=&#8221;default&#8221; background_color=&#8221;RGBA(255,255,255,0)&#8221; width=&#8221;94%&#8221; max_width=&#8221;100%&#8221; custom_css_main_element=&#8221;display: flex;||align-items: center;&#8221; locked=&#8221;off&#8221; global_colors_info=&#8221;{}&#8221; custom_css_main_element_tablet=&#8221;display: block;&#8221; custom_css_main_element_phone=&#8221;display: block;&#8221; custom_css_main_element_last_edited=&#8221;on|tablet&#8221;][et_pb_column type=&#8221;4_4&#8243; _builder_version=&#8221;4.27.4&#8243; _module_preset=&#8221;default&#8221; global_colors_info=&#8221;{}&#8221;][et_pb_text _builder_version=&#8221;4.27.4&#8243; _module_preset=&#8221;default&#8221; text_text_color=&#8221;#E02B20&#8243; text_font_size=&#8221;20px&#8221; link_font=&#8221;||||on||||&#8221; link_text_color=&#8221;#E02B20&#8243; header_font=&#8221;|800||on|||||&#8221; header_text_color=&#8221;#E02B20&#8243; header_font_size=&#8221;90px&#8221; header_2_font=&#8221;|600|||||||&#8221; header_2_text_color=&#8221;#E02B20&#8243; header_2_font_size=&#8221;48px&#8221; text_font_size_tablet=&#8221;16px&#8221; text_font_size_phone=&#8221;16px&#8221; text_font_size_last_edited=&#8221;on|tablet&#8221; custom_css_main_element=&#8221;font-weight: 400;&#8221; locked=&#8221;off&#8221; global_colors_info=&#8221;{}&#8221;]<\/p>\n<p><span style=\"font-weight: 400;\">En el lloc web<\/span><a href=\"http:\/\/www.restaurantbasilico.com\"> <b>www.restaurantbasilico.com<\/b><\/a><span style=\"font-weight: 400;\">, propietat de <\/span><b>COSTA BRAVA BUSINESS SL<\/b><span style=\"font-weight: 400;\">, utilitzem cookies per tal de millorar lexperi\u00e8ncia de navegaci\u00f3 de lusuari i recopilar dades estad\u00edstiques d\u00fas del lloc. En aquesta pol\u00edtica t&#8217;expliquem qu\u00e8 s\u00f3n, quins tipus fem servir i com les pots gestionar. <\/span><\/p>\n<p>[\/et_pb_text][et_pb_text _builder_version=&#8221;4.27.4&#8243; _module_preset=&#8221;default&#8221; header_font=&#8221;|800||on|||||&#8221; header_text_color=&#8221;#E02B20&#8243; header_font_size=&#8221;90px&#8221; header_2_font=&#8221;|600|||||||&#8221; header_2_text_color=&#8221;#E02B20&#8243; header_2_font_size=&#8221;48px&#8221; max_width=&#8221;90%&#8221; custom_margin=&#8221;||1vh||false|false&#8221; header_2_font_size_tablet=&#8221;26px&#8221; header_2_font_size_phone=&#8221;26px&#8221; header_2_font_size_last_edited=&#8221;on|tablet&#8221; custom_css_main_element=&#8221;font-weight: 400;&#8221; locked=&#8221;off&#8221; global_colors_info=&#8221;{}&#8221;]<\/p>\n<h2>1. Qu\u00e8 s\u00f3n les cookies?<\/h2>\n<p>[\/et_pb_text][et_pb_text _builder_version=&#8221;4.27.4&#8243; _module_preset=&#8221;default&#8221; text_text_color=&#8221;#E02B20&#8243; text_font_size=&#8221;20px&#8221; link_font=&#8221;||||on||||&#8221; link_text_color=&#8221;#E02B20&#8243; header_font=&#8221;|800||on|||||&#8221; header_text_color=&#8221;#E02B20&#8243; header_font_size=&#8221;90px&#8221; header_2_font=&#8221;|600|||||||&#8221; header_2_text_color=&#8221;#E02B20&#8243; header_2_font_size=&#8221;48px&#8221; text_font_size_tablet=&#8221;16px&#8221; text_font_size_phone=&#8221;16px&#8221; text_font_size_last_edited=&#8221;on|tablet&#8221; custom_css_main_element=&#8221;font-weight: 400;&#8221; locked=&#8221;off&#8221; global_colors_info=&#8221;{}&#8221;]<\/p>\n<p><span style=\"font-weight: 400;\">Les <\/span><b>cookies<\/b><span style=\"font-weight: 400;\"> s\u00f3n petits fitxers de text que un lloc web instal\u00b7la al navegador de l&#8217;usuari i que permeten emmagatzemar informaci\u00f3 sobre la seva visita. Poden servir per recon\u00e8ixer-te en futures visites, recordar les teves prefer\u00e8ncies o analitzar com interactues amb el lloc. <\/span><\/p>\n<p>[\/et_pb_text][et_pb_text _builder_version=&#8221;4.27.4&#8243; _module_preset=&#8221;default&#8221; header_font=&#8221;|800||on|||||&#8221; header_text_color=&#8221;#E02B20&#8243; header_font_size=&#8221;90px&#8221; header_2_font=&#8221;|600|||||||&#8221; header_2_text_color=&#8221;#E02B20&#8243; header_2_font_size=&#8221;48px&#8221; max_width=&#8221;90%&#8221; custom_margin=&#8221;||1vh||false|false&#8221; header_2_font_size_tablet=&#8221;26px&#8221; header_2_font_size_phone=&#8221;26px&#8221; header_2_font_size_last_edited=&#8221;on|tablet&#8221; custom_css_main_element=&#8221;font-weight: 400;&#8221; locked=&#8221;off&#8221; global_colors_info=&#8221;{}&#8221;]<\/p>\n<h2>2. Tipus de cookies que utilitzem<br \/>\n<\/h2>\n<p>[\/et_pb_text][et_pb_text _builder_version=&#8221;4.27.4&#8243; _module_preset=&#8221;default&#8221; text_text_color=&#8221;#E02B20&#8243; text_font_size=&#8221;20px&#8221; link_font=&#8221;||||on||||&#8221; link_text_color=&#8221;#E02B20&#8243; header_font=&#8221;|800||on|||||&#8221; header_text_color=&#8221;#E02B20&#8243; header_font_size=&#8221;90px&#8221; header_2_font=&#8221;|600|||||||&#8221; header_2_text_color=&#8221;#E02B20&#8243; header_2_font_size=&#8221;48px&#8221; custom_margin=&#8221;||3vh||false|false&#8221; text_font_size_tablet=&#8221;16px&#8221; text_font_size_phone=&#8221;16px&#8221; text_font_size_last_edited=&#8221;on|tablet&#8221; custom_css_main_element=&#8221;font-weight: 400;&#8221; locked=&#8221;off&#8221; global_colors_info=&#8221;{}&#8221;]<\/p>\n<p><span style=\"font-weight: 400;\">Al nostre lloc web s&#8217;utilitzen les seg\u00fcents categories de cookies:<\/span><\/p>\n<p>[\/et_pb_text][et_pb_text _builder_version=&#8221;4.27.4&#8243; _module_preset=&#8221;default&#8221; header_font=&#8221;|800||on|||||&#8221; header_text_color=&#8221;#E02B20&#8243; header_font_size=&#8221;90px&#8221; header_2_font=&#8221;|600|||||||&#8221; header_2_text_color=&#8221;#E02B20&#8243; header_2_font_size=&#8221;48px&#8221; header_3_text_color=&#8221;#E02B20&#8243; header_3_font_size=&#8221;32px&#8221; max_width=&#8221;90%&#8221; custom_margin=&#8221;||1vh||false|false&#8221; header_2_font_size_tablet=&#8221;26px&#8221; header_2_font_size_phone=&#8221;26px&#8221; header_2_font_size_last_edited=&#8221;on|desktop&#8221; header_3_font_size_tablet=&#8221;22px&#8221; header_3_font_size_phone=&#8221;22px&#8221; header_3_font_size_last_edited=&#8221;on|tablet&#8221; custom_css_main_element=&#8221;font-weight: 400;&#8221; locked=&#8221;off&#8221; global_colors_info=&#8221;{}&#8221;]<\/p>\n<h3>a) Cookies t\u00e8cniques o necess\u00e0ries<\/h3>\n<p>[\/et_pb_text][et_pb_text _builder_version=&#8221;4.27.4&#8243; _module_preset=&#8221;default&#8221; text_text_color=&#8221;#E02B20&#8243; text_font_size=&#8221;20px&#8221; link_font=&#8221;||||on||||&#8221; link_text_color=&#8221;#E02B20&#8243; header_font=&#8221;|800||on|||||&#8221; header_text_color=&#8221;#E02B20&#8243; header_font_size=&#8221;90px&#8221; header_2_font=&#8221;|600|||||||&#8221; header_2_text_color=&#8221;#E02B20&#8243; header_2_font_size=&#8221;48px&#8221; custom_margin=&#8221;||3vh||false|false&#8221; text_font_size_tablet=&#8221;16px&#8221; text_font_size_phone=&#8221;16px&#8221; text_font_size_last_edited=&#8221;on|tablet&#8221; custom_css_main_element=&#8221;font-weight: 400;&#8221; locked=&#8221;off&#8221; global_colors_info=&#8221;{}&#8221;]<\/p>\n<p><span style=\"font-weight: 400;\">Permeten el funcionament b\u00e0sic de la web (com ara la navegaci\u00f3, l&#8217;acc\u00e9s a \u00e0rees segures, formularis o la gesti\u00f3 de reserves). Sense aquestes cookies, la web no funcionaria correctament. <\/span><\/p>\n<p>[\/et_pb_text][et_pb_text _builder_version=&#8221;4.27.4&#8243; _module_preset=&#8221;default&#8221; header_font=&#8221;|800||on|||||&#8221; header_text_color=&#8221;#E02B20&#8243; header_font_size=&#8221;90px&#8221; header_2_font=&#8221;|600|||||||&#8221; header_2_text_color=&#8221;#E02B20&#8243; header_2_font_size=&#8221;48px&#8221; header_3_text_color=&#8221;#E02B20&#8243; header_3_font_size=&#8221;32px&#8221; max_width=&#8221;90%&#8221; custom_margin=&#8221;||1vh||false|false&#8221; header_2_font_size_tablet=&#8221;26px&#8221; header_2_font_size_phone=&#8221;26px&#8221; header_2_font_size_last_edited=&#8221;on|desktop&#8221; header_3_font_size_tablet=&#8221;22px&#8221; header_3_font_size_phone=&#8221;22px&#8221; header_3_font_size_last_edited=&#8221;on|tablet&#8221; custom_css_main_element=&#8221;font-weight: 400;&#8221; locked=&#8221;off&#8221; global_colors_info=&#8221;{}&#8221;]<\/p>\n<h3>b) Cookies d&#8217;an\u00e0lisi<\/h3>\n<p>[\/et_pb_text][et_pb_text _builder_version=&#8221;4.27.4&#8243; _module_preset=&#8221;default&#8221; text_text_color=&#8221;#E02B20&#8243; text_font_size=&#8221;20px&#8221; link_font=&#8221;||||on||||&#8221; link_text_color=&#8221;#E02B20&#8243; header_font=&#8221;|800||on|||||&#8221; header_text_color=&#8221;#E02B20&#8243; header_font_size=&#8221;90px&#8221; header_2_font=&#8221;|600|||||||&#8221; header_2_text_color=&#8221;#E02B20&#8243; header_2_font_size=&#8221;48px&#8221; custom_margin=&#8221;||3vh||false|false&#8221; text_font_size_tablet=&#8221;16px&#8221; text_font_size_phone=&#8221;16px&#8221; text_font_size_last_edited=&#8221;on|tablet&#8221; custom_css_main_element=&#8221;font-weight: 400;&#8221; locked=&#8221;off&#8221; global_colors_info=&#8221;{}&#8221;]<\/p>\n<p><span style=\"font-weight: 400;\">Ens permeten mesurar i analitzar el comportament dels usuaris al lloc web (per exemple, p\u00e0gines m\u00e9s visitades, temps de perman\u00e8ncia, clics, etc.). Utilitzem  <\/span><b>Google Analytics<\/b><span style=\"font-weight: 400;\"> o altres serveis similars per a aquesta finalitat. La informaci\u00f3 \u00e9s an\u00f2nima i s&#8217;usa amb finalitats estad\u00edstiques. <\/span><\/p>\n<p>[\/et_pb_text][et_pb_text _builder_version=&#8221;4.27.4&#8243; _module_preset=&#8221;default&#8221; header_font=&#8221;|800||on|||||&#8221; header_text_color=&#8221;#E02B20&#8243; header_font_size=&#8221;90px&#8221; header_2_font=&#8221;|600|||||||&#8221; header_2_text_color=&#8221;#E02B20&#8243; header_2_font_size=&#8221;48px&#8221; header_3_text_color=&#8221;#E02B20&#8243; header_3_font_size=&#8221;32px&#8221; max_width=&#8221;90%&#8221; custom_margin=&#8221;||1vh||false|false&#8221; header_2_font_size_tablet=&#8221;26px&#8221; header_2_font_size_phone=&#8221;26px&#8221; header_2_font_size_last_edited=&#8221;on|desktop&#8221; header_3_font_size_tablet=&#8221;22px&#8221; header_3_font_size_phone=&#8221;22px&#8221; header_3_font_size_last_edited=&#8221;on|tablet&#8221; custom_css_main_element=&#8221;font-weight: 400;&#8221; locked=&#8221;off&#8221; global_colors_info=&#8221;{}&#8221;]<\/p>\n<h3>c) Cookies de personalitzaci\u00f3<\/h3>\n<p>[\/et_pb_text][et_pb_text _builder_version=&#8221;4.27.4&#8243; _module_preset=&#8221;default&#8221; text_text_color=&#8221;#E02B20&#8243; text_font_size=&#8221;20px&#8221; link_font=&#8221;||||on||||&#8221; link_text_color=&#8221;#E02B20&#8243; header_font=&#8221;|800||on|||||&#8221; header_text_color=&#8221;#E02B20&#8243; header_font_size=&#8221;90px&#8221; header_2_font=&#8221;|600|||||||&#8221; header_2_text_color=&#8221;#E02B20&#8243; header_2_font_size=&#8221;48px&#8221; custom_margin=&#8221;||3vh||false|false&#8221; text_font_size_tablet=&#8221;16px&#8221; text_font_size_phone=&#8221;16px&#8221; text_font_size_last_edited=&#8221;on|tablet&#8221; custom_css_main_element=&#8221;font-weight: 400;&#8221; locked=&#8221;off&#8221; global_colors_info=&#8221;{}&#8221;]<\/p>\n<p><span style=\"font-weight: 400;\">Permeten recordar les teves prefer\u00e8ncies (idioma, ubicaci\u00f3, etc.) per oferir-te una experi\u00e8ncia m\u00e9s personalitzada.<\/span><\/p>\n<p>[\/et_pb_text][et_pb_text _builder_version=&#8221;4.27.4&#8243; _module_preset=&#8221;default&#8221; header_font=&#8221;|800||on|||||&#8221; header_text_color=&#8221;#E02B20&#8243; header_font_size=&#8221;90px&#8221; header_2_font=&#8221;|600|||||||&#8221; header_2_text_color=&#8221;#E02B20&#8243; header_2_font_size=&#8221;48px&#8221; header_3_text_color=&#8221;#E02B20&#8243; header_3_font_size=&#8221;32px&#8221; max_width=&#8221;90%&#8221; custom_margin=&#8221;||1vh||false|false&#8221; header_2_font_size_tablet=&#8221;26px&#8221; header_2_font_size_phone=&#8221;26px&#8221; header_2_font_size_last_edited=&#8221;on|desktop&#8221; header_3_font_size_tablet=&#8221;22px&#8221; header_3_font_size_phone=&#8221;22px&#8221; header_3_font_size_last_edited=&#8221;on|tablet&#8221; custom_css_main_element=&#8221;font-weight: 400;&#8221; locked=&#8221;off&#8221; global_colors_info=&#8221;{}&#8221;]<\/p>\n<h3>d) Cookies de publicitat i rem\u00e0rqueting<\/h3>\n<p>[\/et_pb_text][et_pb_text _builder_version=&#8221;4.27.4&#8243; _module_preset=&#8221;default&#8221; text_text_color=&#8221;#E02B20&#8243; text_font_size=&#8221;20px&#8221; link_font=&#8221;||||on||||&#8221; link_text_color=&#8221;#E02B20&#8243; header_font=&#8221;|800||on|||||&#8221; header_text_color=&#8221;#E02B20&#8243; header_font_size=&#8221;90px&#8221; header_2_font=&#8221;|600|||||||&#8221; header_2_text_color=&#8221;#E02B20&#8243; header_2_font_size=&#8221;48px&#8221; text_font_size_tablet=&#8221;16px&#8221; text_font_size_phone=&#8221;16px&#8221; text_font_size_last_edited=&#8221;on|tablet&#8221; custom_css_main_element=&#8221;font-weight: 400;&#8221; locked=&#8221;off&#8221; global_colors_info=&#8221;{}&#8221;]<\/p>\n<p><span style=\"font-weight: 400;\">Podem utilitzar cookies pr\u00f2pies o de tercers (com Meta o Google Ads) per mostrar publicitat rellevant en funci\u00f3 de la teva navegaci\u00f3 anterior al nostre lloc o altres llocs.<\/span><\/p>\n<p>[\/et_pb_text][et_pb_text _builder_version=&#8221;4.27.4&#8243; _module_preset=&#8221;default&#8221; header_font=&#8221;|800||on|||||&#8221; header_text_color=&#8221;#E02B20&#8243; header_font_size=&#8221;90px&#8221; header_2_font=&#8221;|600|||||||&#8221; header_2_text_color=&#8221;#E02B20&#8243; header_2_font_size=&#8221;48px&#8221; max_width=&#8221;90%&#8221; custom_margin=&#8221;||1vh||false|false&#8221; header_2_font_size_tablet=&#8221;26px&#8221; header_2_font_size_phone=&#8221;26px&#8221; header_2_font_size_last_edited=&#8221;on|tablet&#8221; custom_css_main_element=&#8221;font-weight: 400;&#8221; locked=&#8221;off&#8221; global_colors_info=&#8221;{}&#8221;]<\/p>\n<h2>3. Com pots gestionar les galetes?<\/h2>\n<p>[\/et_pb_text][et_pb_text _builder_version=&#8221;4.27.4&#8243; _module_preset=&#8221;default&#8221; text_text_color=&#8221;#E02B20&#8243; text_font_size=&#8221;20px&#8221; link_font=&#8221;||||on||||&#8221; link_text_color=&#8221;#E02B20&#8243; header_font=&#8221;|800||on|||||&#8221; header_text_color=&#8221;#E02B20&#8243; header_font_size=&#8221;90px&#8221; header_2_font=&#8221;|600|||||||&#8221; header_2_text_color=&#8221;#E02B20&#8243; header_2_font_size=&#8221;48px&#8221; text_font_size_tablet=&#8221;16px&#8221; text_font_size_phone=&#8221;16px&#8221; text_font_size_last_edited=&#8221;on|tablet&#8221; custom_css_main_element=&#8221;font-weight: 400;&#8221; locked=&#8221;off&#8221; global_colors_info=&#8221;{}&#8221;]<\/p>\n<p><span style=\"font-weight: 400;\">Quan accedisques per primera vegada al nostre lloc web, t&#8217;apareixer\u00e0 un<\/span> <b>banner de configuraci\u00f3 de cookies<\/b><span style=\"font-weight: 400;\">, on podr\u00e0s:<\/span><\/p>\n<ul>\n<li style=\"font-weight: 400;\" aria-level=\"1\"><span style=\"font-weight: 400;\">Acceptar totes les cookies<\/span><\/li>\n<li style=\"font-weight: 400;\" aria-level=\"1\"><span style=\"font-weight: 400;\">Rebutjar totes (excepte les necess\u00e0ries)<\/span><\/li>\n<li style=\"font-weight: 400;\" aria-level=\"1\"><span style=\"font-weight: 400;\">Configurar les teves prefer\u00e8ncies<\/span><span style=\"font-weight: 400;\">\n<p><\/span><\/li>\n<\/ul>\n<p><span style=\"font-weight: 400;\">Tamb\u00e9 pots gestionar o eliminar les cookies directament des del teu navegador:<\/span><\/p>\n<ul>\n<li style=\"font-weight: 400;\" aria-level=\"1\"><b>Chrome<\/b><span style=\"font-weight: 400;\">: https:\/\/support.google.com\/chrome\/answer\/95647<\/span><\/li>\n<li style=\"font-weight: 400;\" aria-level=\"1\"><b>Firefox<\/b><span style=\"font-weight: 400;\">:<\/span><a href=\"https:\/\/support.mozilla.org\/es\/kb\/habilitar-y-deshabilitar-cookies\"> <span style=\"font-weight: 400;\">https:\/\/support.mozilla.org\/es\/kb\/habilitar-y-deshabilitar-cookies<\/span><\/a><\/li>\n<li style=\"font-weight: 400;\" aria-level=\"1\"><b>Safari<\/b><span style=\"font-weight: 400;\">:<\/span><a href=\"https:\/\/support.apple.com\/es-es\/HT201265\"> <span style=\"font-weight: 400;\">https:\/\/support.apple.com\/es-es\/HT201265<\/span><\/a><\/li>\n<\/ul>\n<p><b>Edge<\/b><span style=\"font-weight: 400;\">:<\/span><a href=\"https:\/\/support.microsoft.com\/es-es\/help\/4027947\/microsoft-edge-delete-cookies\"> <span style=\"font-weight: 400;\">https:\/\/support.microsoft.com\/es-es\/help\/4027947\/microsoft-edge-delete-cookies<\/span><span style=\"font-weight: 400;\"><br \/><\/span><\/a><\/p>\n<p>[\/et_pb_text][et_pb_text _builder_version=&#8221;4.27.4&#8243; _module_preset=&#8221;default&#8221; header_font=&#8221;|800||on|||||&#8221; header_text_color=&#8221;#E02B20&#8243; header_font_size=&#8221;90px&#8221; header_2_font=&#8221;|600|||||||&#8221; header_2_text_color=&#8221;#E02B20&#8243; header_2_font_size=&#8221;48px&#8221; max_width=&#8221;90%&#8221; custom_margin=&#8221;||1vh||false|false&#8221; header_2_font_size_tablet=&#8221;26px&#8221; header_2_font_size_phone=&#8221;26px&#8221; header_2_font_size_last_edited=&#8221;on|tablet&#8221; custom_css_main_element=&#8221;font-weight: 400;&#8221; locked=&#8221;off&#8221; global_colors_info=&#8221;{}&#8221;]<\/p>\n<h2>4. Canvis en la pol\u00edtica de cookies<\/h2>\n<p>[\/et_pb_text][et_pb_text _builder_version=&#8221;4.27.4&#8243; _module_preset=&#8221;default&#8221; text_text_color=&#8221;#E02B20&#8243; text_font_size=&#8221;20px&#8221; link_font=&#8221;||||on||||&#8221; link_text_color=&#8221;#E02B20&#8243; header_font=&#8221;|800||on|||||&#8221; header_text_color=&#8221;#E02B20&#8243; header_font_size=&#8221;90px&#8221; header_2_font=&#8221;|600|||||||&#8221; header_2_text_color=&#8221;#E02B20&#8243; header_2_font_size=&#8221;48px&#8221; text_font_size_tablet=&#8221;16px&#8221; text_font_size_phone=&#8221;16px&#8221; text_font_size_last_edited=&#8221;on|tablet&#8221; custom_css_main_element=&#8221;font-weight: 400;&#8221; locked=&#8221;off&#8221; global_colors_info=&#8221;{}&#8221;]<\/p>\n<p><span style=\"font-weight: 400;\">Podem actualitzar aquesta pol\u00edtica en qualsevol moment per adaptar-la a canvis legals o t\u00e8cnics. Es recomana revisar peri\u00f2dicament aquesta secci\u00f3. <\/span><\/p>\n<p><span style=\"font-weight: 400;\">Si tens dubtes sobre la nostra pol\u00edtica de cookies, pots contactar amb nosaltres a trav\u00e9s del correu <\/span><b>info@restaurantbasilico.com<\/b><span style=\"font-weight: 400;\">.<\/span><\/p>\n<p>[\/et_pb_text][\/et_pb_column][\/et_pb_row][\/et_pb_section]<\/p>\n","protected":false},"excerpt":{"rendered":"<p>Pol\u00edtica de CookiesEn el lloc web www.restaurantbasilico.com, propietat de COSTA BRAVA BUSINESS SL, utilitzem cookies per tal de millorar lexperi\u00e8ncia de navegaci\u00f3 de lusuari i recopilar dades estad\u00edstiques d\u00fas del lloc. En aquesta pol\u00edtica t&#8217;expliquem qu\u00e8 s\u00f3n, quins tipus fem servir i com les pots gestionar. 1. Qu\u00e8 s\u00f3n les cookies?Les cookies s\u00f3n petits fitxers de text que un lloc web instal\u00b7la al navegador de l&#8217;usuari i que permeten emmagatzemar informaci\u00f3 sobre la seva visita. Poden servir per recon\u00e8ixer-te en futures visites, recordar les teves prefer\u00e8ncies o analitzar com interactues amb el lloc. 2. Tipus de cookies que utilitzem Al nostre lloc web s&#8217;utilitzen les seg\u00fcents categories de cookies:a) Cookies t\u00e8cniques o necess\u00e0riesPermeten el funcionament b\u00e0sic de la web (com ara la navegaci\u00f3, l&#8217;acc\u00e9s a \u00e0rees segures, formularis o la gesti\u00f3 de reserves). Sense aquestes cookies, la web no funcionaria correctament. b) Cookies d&#8217;an\u00e0lisiEns permeten mesurar i analitzar el comportament dels usuaris al lloc web (per exemple, p\u00e0gines m\u00e9s visitades, temps de perman\u00e8ncia, clics, etc.). Utilitzem Google Analytics o altres serveis similars per a aquesta finalitat. La informaci\u00f3 \u00e9s an\u00f2nima i s&#8217;usa amb finalitats estad\u00edstiques. c) Cookies de personalitzaci\u00f3Permeten recordar les teves prefer\u00e8ncies (idioma, ubicaci\u00f3, etc.) per oferir-te una experi\u00e8ncia [&hellip;]<\/p>\n","protected":false},"author":1,"featured_media":0,"parent":0,"menu_order":100,"comment_status":"closed","ping_status":"closed","template":"","meta":{"_et_pb_use_builder":"on","_et_pb_old_content":"","_et_gb_content_width":"","footnotes":""},"class_list":["post-634","page","type-page","status-publish","hentry"],"_links":{"self":[{"href":"https:\/\/restaurantbasilico.com\/ca\/wp-json\/wp\/v2\/pages\/634","targetHints":{"allow":["GET"]}}],"collection":[{"href":"https:\/\/restaurantbasilico.com\/ca\/wp-json\/wp\/v2\/pages"}],"about":[{"href":"https:\/\/restaurantbasilico.com\/ca\/wp-json\/wp\/v2\/types\/page"}],"author":[{"embeddable":true,"href":"https:\/\/restaurantbasilico.com\/ca\/wp-json\/wp\/v2\/users\/1"}],"replies":[{"embeddable":true,"href":"https:\/\/restaurantbasilico.com\/ca\/wp-json\/wp\/v2\/comments?post=634"}],"version-history":[{"count":7,"href":"https:\/\/restaurantbasilico.com\/ca\/wp-json\/wp\/v2\/pages\/634\/revisions"}],"predecessor-version":[{"id":943,"href":"https:\/\/restaurantbasilico.com\/ca\/wp-json\/wp\/v2\/pages\/634\/revisions\/943"}],"wp:attachment":[{"href":"https:\/\/restaurantbasilico.com\/ca\/wp-json\/wp\/v2\/media?parent=634"}],"curies":[{"name":"wp","href":"https:\/\/api.w.org\/{rel}","templated":true}]}}