{"id":613,"date":"2025-06-19T08:16:02","date_gmt":"2025-06-19T07:16:02","guid":{"rendered":"https:\/\/restaurantbasilico.com\/avis-legal\/"},"modified":"2025-08-06T10:34:20","modified_gmt":"2025-08-06T09:34:20","slug":"avis-legal","status":"publish","type":"page","link":"https:\/\/restaurantbasilico.com\/ca\/avis-legal\/","title":{"rendered":"Av\u00eds legal"},"content":{"rendered":"<p>[et_pb_section fb_built=&#8221;1&#8243; _builder_version=&#8221;4.27.4&#8243; _module_preset=&#8221;default&#8221; custom_padding=&#8221;0px||0px||true|false&#8221; border_width_top=&#8221;1px&#8221; border_color_top=&#8221;#E02B20&#8243; global_colors_info=&#8221;{}&#8221;][et_pb_row column_structure=&#8221;2_3,1_3&#8243; make_equal=&#8221;on&#8221; _builder_version=&#8221;4.27.4&#8243; _module_preset=&#8221;default&#8221; width=&#8221;97%&#8221; width_tablet=&#8221;100%&#8221; width_phone=&#8221;100%&#8221; width_last_edited=&#8221;on|tablet&#8221; max_width=&#8221;100%&#8221; module_alignment=&#8221;right&#8221; custom_padding=&#8221;0px||0px||true|false&#8221; border_width_bottom=&#8221;1px&#8221; border_color_bottom=&#8221;#E02B20&#8243; global_colors_info=&#8221;{}&#8221; custom_css_main_element_last_edited=&#8221;on|tablet&#8221; custom_css_main_element_tablet=&#8221;display: flex;||flex-direction: column-reverse;&#8221; custom_css_main_element_phone=&#8221;display: flex;||flex-direction: column-reverse;&#8221;][et_pb_column type=&#8221;2_3&#8243; _builder_version=&#8221;4.27.4&#8243; _module_preset=&#8221;default&#8221; custom_padding=&#8221;5%||2%||false|false&#8221; custom_padding_tablet=&#8221;5%|3%|0%|3%|false|true&#8221; custom_padding_phone=&#8221;5%|3%|0%|3%|false|true&#8221; custom_padding_last_edited=&#8221;on|tablet&#8221; custom_css_main_element=&#8221;display: flex;||flex-direction: column;||&#8221; global_colors_info=&#8221;{}&#8221;][et_pb_text _builder_version=&#8221;4.27.4&#8243; _module_preset=&#8221;default&#8221; text_text_color=&#8221;#E02B20&#8243; text_font_size=&#8221;20px&#8221; header_font=&#8221;|800||on|||||&#8221; header_text_color=&#8221;#E02B20&#8243; header_font_size=&#8221;90px&#8221; header_2_font=&#8221;|600|||||||&#8221; header_2_text_color=&#8221;#E02B20&#8243; header_2_font_size=&#8221;48px&#8221; header_font_size_tablet=&#8221;40px&#8221; header_font_size_phone=&#8221;40px&#8221; header_font_size_last_edited=&#8221;on|tablet&#8221; header_2_font_size_tablet=&#8221;26px&#8221; header_2_font_size_phone=&#8221;26px&#8221; header_2_font_size_last_edited=&#8221;on|tablet&#8221; custom_css_main_element=&#8221;font-weight: 400;&#8221; global_colors_info=&#8221;{}&#8221;]<\/p>\n<h1>Av\u00eds<br \/>\n <span style=\"color: #9e0713;\">Legal<\/span><\/h1>\n<p>[\/et_pb_text][\/et_pb_column][et_pb_column type=&#8221;1_3&#8243; _builder_version=&#8221;4.27.4&#8243; _module_preset=&#8221;default&#8221; global_colors_info=&#8221;{}&#8221;][et_pb_image src=&#8221;https:\/\/restaurantbasilico.com\/wp-content\/uploads\/Espai-46-scaled.jpg&#8221; title_text=&#8221;Espai (46)&#8221; align=&#8221;center&#8221; align_tablet=&#8221;center&#8221; align_phone=&#8221;center&#8221; align_last_edited=&#8221;on|phone&#8221; _builder_version=&#8221;4.27.4&#8243; _module_preset=&#8221;default&#8221; width=&#8221;55%&#8221; width_tablet=&#8221;55%&#8221; width_phone=&#8221;100%&#8221; width_last_edited=&#8221;on|phone&#8221; module_alignment=&#8221;right&#8221; hover_enabled=&#8221;0&#8243; module_alignment_tablet=&#8221;center&#8221; module_alignment_phone=&#8221;center&#8221; module_alignment_last_edited=&#8221;on|phone&#8221; locked=&#8221;off&#8221; global_colors_info=&#8221;{}&#8221; sticky_enabled=&#8221;0&#8243;][\/et_pb_image][\/et_pb_column][\/et_pb_row][\/et_pb_section][et_pb_section fb_built=&#8221;1&#8243; disabled_on=&#8221;on|on|off&#8221; _builder_version=&#8221;4.27.4&#8243; _module_preset=&#8221;default&#8221; background_image=&#8221;https:\/\/restaurantbasilico.com\/wp-content\/uploads\/lineas-rojas-verticales.svg&#8221; min_height=&#8221;90px&#8221; custom_padding=&#8221;0px||0px||true|false&#8221; locked=&#8221;off&#8221; global_colors_info=&#8221;{}&#8221;][et_pb_row _builder_version=&#8221;4.27.4&#8243; _module_preset=&#8221;default&#8221; width=&#8221;100%&#8221; max_width=&#8221;100%&#8221; custom_padding=&#8221;0px||0px||true|false&#8221; global_colors_info=&#8221;{}&#8221;][et_pb_column type=&#8221;4_4&#8243; _builder_version=&#8221;4.27.4&#8243; _module_preset=&#8221;default&#8221; global_colors_info=&#8221;{}&#8221;][\/et_pb_column][\/et_pb_row][\/et_pb_section][et_pb_section fb_built=&#8221;1&#8243; custom_padding_last_edited=&#8221;on|tablet&#8221; _builder_version=&#8221;4.27.4&#8243; _module_preset=&#8221;default&#8221; background_enable_color=&#8221;off&#8221; background_image=&#8221;https:\/\/restaurantbasilico.com\/wp-content\/uploads\/Rectangle-21.png&#8221; custom_padding_tablet=&#8221;5vh||5vh||true|false&#8221; custom_padding_phone=&#8221;5vh||5vh||true|false&#8221; global_colors_info=&#8221;{}&#8221;][et_pb_row make_equal=&#8221;on&#8221; _builder_version=&#8221;4.27.4&#8243; _module_preset=&#8221;default&#8221; background_color=&#8221;RGBA(255,255,255,0)&#8221; width=&#8221;94%&#8221; max_width=&#8221;100%&#8221; custom_css_main_element=&#8221;display: flex;||align-items: center;&#8221; locked=&#8221;off&#8221; global_colors_info=&#8221;{}&#8221; custom_css_main_element_tablet=&#8221;display: block;&#8221; custom_css_main_element_phone=&#8221;display: block;&#8221; custom_css_main_element_last_edited=&#8221;on|tablet&#8221;][et_pb_column type=&#8221;4_4&#8243; _builder_version=&#8221;4.27.4&#8243; _module_preset=&#8221;default&#8221; global_colors_info=&#8221;{}&#8221;][et_pb_text _builder_version=&#8221;4.27.4&#8243; _module_preset=&#8221;default&#8221; header_font=&#8221;|800||on|||||&#8221; header_text_color=&#8221;#E02B20&#8243; header_font_size=&#8221;90px&#8221; header_2_font=&#8221;|600|||||||&#8221; header_2_text_color=&#8221;#E02B20&#8243; header_2_font_size=&#8221;48px&#8221; max_width=&#8221;90%&#8221; custom_margin=&#8221;||1vh||false|false&#8221; header_2_font_size_tablet=&#8221;26px&#8221; header_2_font_size_phone=&#8221;26px&#8221; header_2_font_size_last_edited=&#8221;on|tablet&#8221; custom_css_main_element=&#8221;font-weight: 400;&#8221; locked=&#8221;off&#8221; global_colors_info=&#8221;{}&#8221;]<\/p>\n<h2>Titularitat del lloc web<\/h2>\n<p>[\/et_pb_text][et_pb_text _builder_version=&#8221;4.27.4&#8243; _module_preset=&#8221;default&#8221; text_text_color=&#8221;#E02B20&#8243; text_font_size=&#8221;20px&#8221; link_font=&#8221;||||on||||&#8221; link_text_color=&#8221;#E02B20&#8243; header_font=&#8221;|800||on|||||&#8221; header_text_color=&#8221;#E02B20&#8243; header_font_size=&#8221;90px&#8221; header_2_font=&#8221;|600|||||||&#8221; header_2_text_color=&#8221;#E02B20&#8243; header_2_font_size=&#8221;48px&#8221; text_font_size_tablet=&#8221;16px&#8221; text_font_size_phone=&#8221;16px&#8221; text_font_size_last_edited=&#8221;on|tablet&#8221; custom_css_main_element=&#8221;font-weight: 400;&#8221; locked=&#8221;off&#8221; global_colors_info=&#8221;{}&#8221;]<\/p>\n<p><span style=\"font-weight: 400;\">En compliment amb el deure informaci\u00f3 recollit a la<\/span> <b>Llei 34\/2002, d&#8217;11 de juliol, de serveis de la societat de la informaci\u00f3 i comer\u00e7 electr\u00f2nic (LSSI-CE)<\/b> <span style=\"font-weight: 400;\">, s&#8217;informa que el present lloc web \u00e9s titularitat de:<\/span><\/p>\n<ul>\n<li style=\"font-weight: 400;\" aria-level=\"1\"><b>Empresa:<\/b> <span style=\"font-weight: 400;\">COSTA BRAVA BUSINESS SL<\/span><\/li>\n<li style=\"font-weight: 400;\" aria-level=\"1\"><b>CIF:<\/b> <span style=\"font-weight: 400;\">B72979354<\/span><\/li>\n<li style=\"font-weight: 400;\" aria-level=\"1\"><b>Domicili social:<\/b> <span style=\"font-weight: 400;\">C\/ Sant Mori, 9, 17487 Empuriabrava (Girona)<\/span><\/li>\n<li style=\"font-weight: 400;\" aria-level=\"1\"><b>Establiment:<\/b> <span style=\"font-weight: 400;\">Restaurant Basilico \u2013 Avinguda de s&#8217;Agar\u00f3, 79, Platja d&#8217;Aro (Girona)<\/span><\/li>\n<li style=\"font-weight: 400;\" aria-level=\"1\"><b>Correu electr\u00f2nic:<\/b> <span style=\"font-weight: 400;\">info@restaurantbasilico.com<\/span><\/li>\n<\/ul>\n<p><b>Nom del domini:<\/b> <a href=\"http:\/\/www.restaurantbasilico.com\"><span style=\"font-weight: 400;\">www.restaurantbasilico.com<\/span><\/a><\/p>\n<p>[\/et_pb_text][et_pb_text _builder_version=&#8221;4.27.4&#8243; _module_preset=&#8221;default&#8221; header_font=&#8221;|800||on|||||&#8221; header_text_color=&#8221;#E02B20&#8243; header_font_size=&#8221;90px&#8221; header_2_font=&#8221;|600|||||||&#8221; header_2_text_color=&#8221;#E02B20&#8243; header_2_font_size=&#8221;48px&#8221; max_width=&#8221;90%&#8221; custom_margin=&#8221;||1vh||false|false&#8221; header_2_font_size_tablet=&#8221;26px&#8221; header_2_font_size_phone=&#8221;26px&#8221; header_2_font_size_last_edited=&#8221;on|tablet&#8221; custom_css_main_element=&#8221;font-weight: 400;&#8221; locked=&#8221;off&#8221; global_colors_info=&#8221;{}&#8221;]<\/p>\n<h2>Objecte del lloc web<\/h2>\n<p>[\/et_pb_text][et_pb_text _builder_version=&#8221;4.27.4&#8243; _module_preset=&#8221;default&#8221; text_text_color=&#8221;#E02B20&#8243; text_font_size=&#8221;20px&#8221; link_font=&#8221;||||on||||&#8221; link_text_color=&#8221;#E02B20&#8243; header_font=&#8221;|800||on|||||&#8221; header_text_color=&#8221;#E02B20&#8243; header_font_size=&#8221;90px&#8221; header_2_font=&#8221;|600|||||||&#8221; header_2_text_color=&#8221;#E02B20&#8243; header_2_font_size=&#8221;48px&#8221; text_font_size_tablet=&#8221;16px&#8221; text_font_size_phone=&#8221;16px&#8221; text_font_size_last_edited=&#8221;on|tablet&#8221; custom_css_main_element=&#8221;font-weight: 400;&#8221; locked=&#8221;off&#8221; global_colors_info=&#8221;{}&#8221;]<\/p>\n<p><span style=\"font-weight: 400;\">Aquest lloc web t\u00e9 per objecte proporcionar informaci\u00f3 sobre el restaurant Basilico, la carta, serveis, ubicaci\u00f3, reserves, promocions i altres accions relacionades amb la seva activitat.<\/span><\/p>\n<p>[\/et_pb_text][et_pb_text _builder_version=&#8221;4.27.4&#8243; _module_preset=&#8221;default&#8221; header_font=&#8221;|800||on|||||&#8221; header_text_color=&#8221;#E02B20&#8243; header_font_size=&#8221;90px&#8221; header_2_font=&#8221;|600|||||||&#8221; header_2_text_color=&#8221;#E02B20&#8243; header_2_font_size=&#8221;48px&#8221; max_width=&#8221;90%&#8221; custom_margin=&#8221;||1vh||false|false&#8221; header_2_font_size_tablet=&#8221;26px&#8221; header_2_font_size_phone=&#8221;26px&#8221; header_2_font_size_last_edited=&#8221;on|tablet&#8221; custom_css_main_element=&#8221;font-weight: 400;&#8221; locked=&#8221;off&#8221; global_colors_info=&#8221;{}&#8221;]<\/p>\n<h2>Propietat intel\u00b7lectual i industrial<\/h2>\n<p>[\/et_pb_text][et_pb_text _builder_version=&#8221;4.27.4&#8243; _module_preset=&#8221;default&#8221; text_text_color=&#8221;#E02B20&#8243; text_font_size=&#8221;20px&#8221; link_font=&#8221;||||on||||&#8221; link_text_color=&#8221;#E02B20&#8243; header_font=&#8221;|800||on|||||&#8221; header_text_color=&#8221;#E02B20&#8243; header_font_size=&#8221;90px&#8221; header_2_font=&#8221;|600|||||||&#8221; header_2_text_color=&#8221;#E02B20&#8243; header_2_font_size=&#8221;48px&#8221; text_font_size_tablet=&#8221;16px&#8221; text_font_size_phone=&#8221;16px&#8221; text_font_size_last_edited=&#8221;on|tablet&#8221; custom_css_main_element=&#8221;font-weight: 400;&#8221; locked=&#8221;off&#8221; global_colors_info=&#8221;{}&#8221;]<\/p>\n<p><span style=\"font-weight: 400;\">Tots els continguts del lloc web (textos, imatges, logotips, gr\u00e0fics, v\u00eddeos, codi font, etc.) s\u00f3n titularitat de<\/span> <b>COSTA BRAVA BUSINESS SL<\/b> <span style=\"font-weight: 400;\">o b\u00e9 es disposa de les llic\u00e8ncies necess\u00e0ries per al seu \u00fas, i estan protegits per la normativa vigent sobre propietat intel\u00b7lectual i industrial.<\/span><\/p>\n<p><span style=\"font-weight: 400;\">Queda expressament prohibida la reproducci\u00f3, distribuci\u00f3, comunicaci\u00f3 p\u00fablica, transformaci\u00f3 o qualsevol altre \u00fas no autoritzat dels continguts, excepte autoritzaci\u00f3 expressa del titular.<\/span><\/p>\n<p>[\/et_pb_text][et_pb_text _builder_version=&#8221;4.27.4&#8243; _module_preset=&#8221;default&#8221; header_font=&#8221;|800||on|||||&#8221; header_text_color=&#8221;#E02B20&#8243; header_font_size=&#8221;90px&#8221; header_2_font=&#8221;|600|||||||&#8221; header_2_text_color=&#8221;#E02B20&#8243; header_2_font_size=&#8221;48px&#8221; max_width=&#8221;90%&#8221; custom_margin=&#8221;||1vh||false|false&#8221; header_2_font_size_tablet=&#8221;26px&#8221; header_2_font_size_phone=&#8221;26px&#8221; header_2_font_size_last_edited=&#8221;on|tablet&#8221; custom_css_main_element=&#8221;font-weight: 400;&#8221; locked=&#8221;off&#8221; global_colors_info=&#8221;{}&#8221;]<\/p>\n<h2>Responsabilitat<\/h2>\n<p>[\/et_pb_text][et_pb_text _builder_version=&#8221;4.27.4&#8243; _module_preset=&#8221;default&#8221; text_text_color=&#8221;#E02B20&#8243; text_font_size=&#8221;20px&#8221; link_font=&#8221;||||on||||&#8221; link_text_color=&#8221;#E02B20&#8243; header_font=&#8221;|800||on|||||&#8221; header_text_color=&#8221;#E02B20&#8243; header_font_size=&#8221;90px&#8221; header_2_font=&#8221;|600|||||||&#8221; header_2_text_color=&#8221;#E02B20&#8243; header_2_font_size=&#8221;48px&#8221; text_font_size_tablet=&#8221;16px&#8221; text_font_size_phone=&#8221;16px&#8221; text_font_size_last_edited=&#8221;on|tablet&#8221; custom_css_main_element=&#8221;font-weight: 400;&#8221; locked=&#8221;off&#8221; global_colors_info=&#8221;{}&#8221;]<\/p>\n<p><b>COSTA BRAVA BUSINESS SL<\/b> <span style=\"font-weight: 400;\">no es fa responsable dels errors o omissions en els continguts del lloc web, ni dels danys derivats de l&#8217;\u00fas del mateix, ni per l&#8217;actuaci\u00f3 de terceres parts mitjan\u00e7ant enlla\u00e7os o altres mitjans.<\/span><\/p>\n<p><span style=\"font-weight: 400;\">El titular es reserva el dret d&#8217;actualitzar, modificar o eliminar els continguts del lloc web, aix\u00ed com limitar o impedir-ne l&#8217;acc\u00e9s de manera temporal o definitiva.<\/span><\/p>\n<p>[\/et_pb_text][et_pb_text _builder_version=&#8221;4.27.4&#8243; _module_preset=&#8221;default&#8221; header_font=&#8221;|800||on|||||&#8221; header_text_color=&#8221;#E02B20&#8243; header_font_size=&#8221;90px&#8221; header_2_font=&#8221;|600|||||||&#8221; header_2_text_color=&#8221;#E02B20&#8243; header_2_font_size=&#8221;48px&#8221; max_width=&#8221;90%&#8221; custom_margin=&#8221;||1vh||false|false&#8221; header_2_font_size_tablet=&#8221;26px&#8221; header_2_font_size_phone=&#8221;26px&#8221; header_2_font_size_last_edited=&#8221;on|tablet&#8221; custom_css_main_element=&#8221;font-weight: 400;&#8221; locked=&#8221;off&#8221; global_colors_info=&#8221;{}&#8221;]<\/p>\n<h2>Protecci\u00f3 de dades<\/h2>\n<p>[\/et_pb_text][et_pb_text _builder_version=&#8221;4.27.4&#8243; _module_preset=&#8221;default&#8221; text_text_color=&#8221;#E02B20&#8243; text_font_size=&#8221;20px&#8221; link_font=&#8221;||||on||||&#8221; link_text_color=&#8221;#E02B20&#8243; header_font=&#8221;|800||on|||||&#8221; header_text_color=&#8221;#E02B20&#8243; header_font_size=&#8221;90px&#8221; header_2_font=&#8221;|600|||||||&#8221; header_2_text_color=&#8221;#E02B20&#8243; header_2_font_size=&#8221;48px&#8221; text_font_size_tablet=&#8221;16px&#8221; text_font_size_phone=&#8221;16px&#8221; text_font_size_last_edited=&#8221;on|tablet&#8221; custom_css_main_element=&#8221;font-weight: 400;&#8221; locked=&#8221;off&#8221; global_colors_info=&#8221;{}&#8221;]<\/p>\n<p><span style=\"font-weight: 400;\">El tractament de les dades personals que es recullin a trav\u00e9s del lloc web es regeix pel que disposa la nostra Pol\u00edtica de Privadesa, en compliment del<\/span> <b>Reglament (UE) 2016\/679 (RGPD)<\/b> <span style=\"font-weight: 400;\">i la<\/span> <b>LOPDGDD<\/b> <span style=\"font-weight: 400;\">.<\/span><\/p>\n<p>[\/et_pb_text][et_pb_text _builder_version=&#8221;4.27.4&#8243; _module_preset=&#8221;default&#8221; header_font=&#8221;|800||on|||||&#8221; header_text_color=&#8221;#E02B20&#8243; header_font_size=&#8221;90px&#8221; header_2_font=&#8221;|600|||||||&#8221; header_2_text_color=&#8221;#E02B20&#8243; header_2_font_size=&#8221;48px&#8221; max_width=&#8221;90%&#8221; custom_margin=&#8221;||1vh||false|false&#8221; header_2_font_size_tablet=&#8221;26px&#8221; header_2_font_size_phone=&#8221;26px&#8221; header_2_font_size_last_edited=&#8221;on|tablet&#8221; custom_css_main_element=&#8221;font-weight: 400;&#8221; locked=&#8221;off&#8221; global_colors_info=&#8221;{}&#8221;]<\/p>\n<h2>Legislaci\u00f3 aplicable<\/h2>\n<p>[\/et_pb_text][et_pb_text _builder_version=&#8221;4.27.4&#8243; _module_preset=&#8221;default&#8221; text_text_color=&#8221;#E02B20&#8243; text_font_size=&#8221;20px&#8221; link_font=&#8221;||||on||||&#8221; link_text_color=&#8221;#E02B20&#8243; header_font=&#8221;|800||on|||||&#8221; header_text_color=&#8221;#E02B20&#8243; header_font_size=&#8221;90px&#8221; header_2_font=&#8221;|600|||||||&#8221; header_2_text_color=&#8221;#E02B20&#8243; header_2_font_size=&#8221;48px&#8221; text_font_size_tablet=&#8221;16px&#8221; text_font_size_phone=&#8221;16px&#8221; text_font_size_last_edited=&#8221;on|tablet&#8221; custom_css_main_element=&#8221;font-weight: 400;&#8221; locked=&#8221;off&#8221; global_colors_info=&#8221;{}&#8221;]Les condicions presents es regeixen per la legislaci\u00f3 espanyola. Qualsevol controv\u00e8rsia que pogu\u00e9s derivar-se de l&#8217;acc\u00e9s o \u00fas del lloc web se sotmetr\u00e0 als jutjats i tribunals del domicili del titular, llevat de disposici\u00f3 legal en contra.[\/et_pb_text][\/et_pb_column][\/et_pb_row][\/et_pb_section]<\/p>\n","protected":false},"excerpt":{"rendered":"<p>Av\u00eds LegalTitularitat del lloc webEn compliment amb el deure informaci\u00f3 recollit a la Llei 34\/2002, d&#8217;11 de juliol, de serveis de la societat de la informaci\u00f3 i comer\u00e7 electr\u00f2nic (LSSI-CE) , s&#8217;informa que el present lloc web \u00e9s titularitat de: Empresa: COSTA BRAVA BUSINESS SL CIF: B72979354 Domicili social: C\/ Sant Mori, 9, 17487 Empuriabrava (Girona) Establiment: Restaurant Basilico \u2013 Avinguda de s&#8217;Agar\u00f3, 79, Platja d&#8217;Aro (Girona) Correu electr\u00f2nic: info@restaurantbasilico.com Nom del domini: www.restaurantbasilico.comObjecte del lloc webAquest lloc web t\u00e9 per objecte proporcionar informaci\u00f3 sobre el restaurant Basilico, la carta, serveis, ubicaci\u00f3, reserves, promocions i altres accions relacionades amb la seva activitat.Propietat intel\u00b7lectual i industrialTots els continguts del lloc web (textos, imatges, logotips, gr\u00e0fics, v\u00eddeos, codi font, etc.) s\u00f3n titularitat de COSTA BRAVA BUSINESS SL o b\u00e9 es disposa de les llic\u00e8ncies necess\u00e0ries per al seu \u00fas, i estan protegits per la normativa vigent sobre propietat intel\u00b7lectual i industrial. Queda expressament prohibida la reproducci\u00f3, distribuci\u00f3, comunicaci\u00f3 p\u00fablica, transformaci\u00f3 o qualsevol altre \u00fas no autoritzat dels continguts, excepte autoritzaci\u00f3 expressa del titular.ResponsabilitatCOSTA BRAVA BUSINESS SL no es fa responsable dels errors o omissions en els continguts del lloc web, ni dels danys derivats de l&#8217;\u00fas del mateix, ni per l&#8217;actuaci\u00f3 de [&hellip;]<\/p>\n","protected":false},"author":1,"featured_media":0,"parent":0,"menu_order":100,"comment_status":"closed","ping_status":"closed","template":"","meta":{"_et_pb_use_builder":"on","_et_pb_old_content":"","_et_gb_content_width":"","footnotes":""},"class_list":["post-613","page","type-page","status-publish","hentry"],"_links":{"self":[{"href":"https:\/\/restaurantbasilico.com\/ca\/wp-json\/wp\/v2\/pages\/613","targetHints":{"allow":["GET"]}}],"collection":[{"href":"https:\/\/restaurantbasilico.com\/ca\/wp-json\/wp\/v2\/pages"}],"about":[{"href":"https:\/\/restaurantbasilico.com\/ca\/wp-json\/wp\/v2\/types\/page"}],"author":[{"embeddable":true,"href":"https:\/\/restaurantbasilico.com\/ca\/wp-json\/wp\/v2\/users\/1"}],"replies":[{"embeddable":true,"href":"https:\/\/restaurantbasilico.com\/ca\/wp-json\/wp\/v2\/comments?post=613"}],"version-history":[{"count":4,"href":"https:\/\/restaurantbasilico.com\/ca\/wp-json\/wp\/v2\/pages\/613\/revisions"}],"predecessor-version":[{"id":934,"href":"https:\/\/restaurantbasilico.com\/ca\/wp-json\/wp\/v2\/pages\/613\/revisions\/934"}],"wp:attachment":[{"href":"https:\/\/restaurantbasilico.com\/ca\/wp-json\/wp\/v2\/media?parent=613"}],"curies":[{"name":"wp","href":"https:\/\/api.w.org\/{rel}","templated":true}]}}